{"id":1000011576,"date":"2025-04-25T09:02:51","date_gmt":"2025-04-25T14:02:51","guid":{"rendered":"https:\/\/justcoolpeople.com\/?page_id=1000011576"},"modified":"2025-07-05T20:46:44","modified_gmt":"2025-07-06T01:46:44","slug":"inicio","status":"publish","type":"page","link":"https:\/\/justcoolpeople.com\/pt\/","title":{"rendered":"Come\u00e7ar"},"content":{"rendered":"<div data-elementor-type=\"wp-page\" data-elementor-id=\"1000011576\" class=\"elementor elementor-1000011576\">\n\t\t\t\t<div class=\"elementor-element elementor-element-b63b623 e-flex e-con-boxed e-con e-parent\" data-id=\"b63b623\" data-element_type=\"container\">\n\t\t\t\t\t<div class=\"e-con-inner\">\n\t\t\t\t<div class=\"elementor-element elementor-element-e8684d3 elementor-widget elementor-widget-html\" data-id=\"e8684d3\" data-element_type=\"widget\" data-widget_type=\"html.default\">\n\t\t\t\t<div class=\"elementor-widget-container\">\n\t\t\t\t\t<!-- Cargar Font Awesome 5 manualmente -->\r\n<link rel=\"stylesheet\" href=\"https:\/\/cdnjs.cloudflare.com\/ajax\/libs\/font-awesome\/5.15.4\/css\/all.min.css\">\r\n\r\n\t\t\t\t<\/div>\n\t\t\t\t<\/div>\n\t\t\t\t\t<\/div>\n\t\t\t\t<\/div>\n\t\t<div class=\"elementor-element elementor-element-cdb6e7a e-flex e-con-boxed e-con e-parent\" data-id=\"cdb6e7a\" data-element_type=\"container\" data-settings=\"{&quot;background_background&quot;:&quot;classic&quot;}\">\n\t\t\t\t\t<div class=\"e-con-inner\">\n\t\t<div class=\"elementor-element elementor-element-2d76f54 e-con-full e-flex e-con e-child\" data-id=\"2d76f54\" data-element_type=\"container\">\n\t\t\t\t<div class=\"elementor-element elementor-element-15f55a9 elementor-widget__width-inherit elementor-widget elementor-widget-canvas_header_widget\" data-id=\"15f55a9\" data-element_type=\"widget\" data-widget_type=\"canvas_header_widget.default\">\n\t\t\t\t<div class=\"elementor-widget-container\">\n\t\t\t\t\t        \n\n\n<script>\n    document.addEventListener('DOMContentLoaded', function () {\n        const buttons = document.querySelectorAll('.menu-toggle');\n        const overlay = document.createElement('div');\n        overlay.classList.add('menu-overlay');\n        document.body.appendChild(overlay);\n\n        buttons.forEach(btn => {\n            btn.addEventListener('click', function () {\n                const nav = btn.parentElement.querySelector('nav');\n                const header = btn.closest(\"#dbt-header\");\n                btn.classList.toggle('open');\n                nav.classList.toggle('open');\n                document.body.classList.toggle('menu-open');\n                overlay.classList.toggle('overlay-burguer', nav.classList.contains('open'));\n            });\n        });\n\n        overlay.addEventListener('click', function () {\n            document.querySelectorAll('.menu-toggle').forEach(btn => btn.classList.remove('open'));\n            document.querySelectorAll('#dbt-header nav').forEach(nav => nav.classList.remove('open'));\n            document.body.classList.remove('menu-open');\n            overlay.classList.remove('overlay-burguer');\n        });\n\n        document.querySelectorAll('#dbt-header nav a').forEach(link => {\n            link.addEventListener('click', function () {\n                document.querySelectorAll('.menu-toggle').forEach(btn => btn.classList.remove('open'));\n                document.querySelectorAll('#dbt-header nav').forEach(nav => nav.classList.remove('open'));\n                document.body.classList.remove('menu-open');\n                overlay.classList.remove('overlay-burguer');\n            });\n        });\n    });\n<\/script>\n\n\n\n        <header id=\"dbt-header\" class=\"ech-header\">\n            <div class=\"logo\">\n                <a href=\"https:\/\/justcoolpeople.com\/pt\/\"><img decoding=\"async\" src=\"https:\/\/justcoolpeople.com\/wp-content\/uploads\/2025\/04\/SIDBT.svg\" alt=\"Logo\"><\/a>\n            <\/div>\n            <button class=\"menu-toggle\"><\/button>\n            <nav>\n                <ul><li><a href=\"https:\/\/justcoolpeople.com\/pt\/beneficios\/\">Benef\u00edcios<\/a><\/li><li><a href=\"https:\/\/justcoolpeople.com\/pt\/unete\/\">Juntar<\/a><\/li><li><a href=\"https:\/\/justcoolpeople.com\/pt\/eventos-futuros\/\">Eventos Futuros<\/a><\/li><li><a href=\"https:\/\/justcoolpeople.com\/pt\/contactanos\/\">Contate-nos<\/a><\/li><li><a href=\"https:\/\/justcoolpeople.com\/pt\/login\/\">Acesso<\/a><\/li><\/ul>            <\/nav>\n        <\/header>\n        \t\t\t\t<\/div>\n\t\t\t\t<\/div>\n\t\t\t\t<\/div>\n\t\t<div class=\"elementor-element elementor-element-e0a9e60 e-con-full e-grid e-con e-child\" data-id=\"e0a9e60\" data-element_type=\"container\">\n\t\t<div class=\"elementor-element elementor-element-378568f e-con-full e-flex e-con e-child\" data-id=\"378568f\" data-element_type=\"container\">\n\t\t\t\t<div class=\"elementor-element elementor-element-f02f43c elementor-widget__width-auto elementor-widget elementor-widget-heading\" data-id=\"f02f43c\" data-element_type=\"widget\" data-widget_type=\"heading.default\">\n\t\t\t\t<div class=\"elementor-widget-container\">\n\t\t\t\t\t<h2 class=\"elementor-heading-title elementor-size-default\">Sociedade Ibero-Americana de<\/h2>\t\t\t\t<\/div>\n\t\t\t\t<\/div>\n\t\t\t\t<div class=\"elementor-element elementor-element-916504a elementor-widget__width-auto elementor-widget elementor-widget-heading\" data-id=\"916504a\" data-element_type=\"widget\" data-widget_type=\"heading.default\">\n\t\t\t\t<div class=\"elementor-widget-container\">\n\t\t\t\t\t<h2 class=\"elementor-heading-title elementor-size-default\">Terapia Comportamental Dial\u00e9tica<\/h2>\t\t\t\t<\/div>\n\t\t\t\t<\/div>\n\t\t\t\t<\/div>\n\t\t<div class=\"elementor-element elementor-element-770b7ab e-con-full e-flex e-con e-child\" data-id=\"770b7ab\" data-element_type=\"container\">\n\t\t\t\t<div class=\"elementor-element elementor-element-0ec820e elementor-view-default elementor-widget elementor-widget-icon\" data-id=\"0ec820e\" data-element_type=\"widget\" data-widget_type=\"icon.default\">\n\t\t\t\t<div class=\"elementor-widget-container\">\n\t\t\t\t\t\t\t<div class=\"elementor-icon-wrapper\">\n\t\t\t<div class=\"elementor-icon\">\n\t\t\t<svg aria-hidden=\"true\" class=\"e-font-icon-svg e-fas-arrow-right\" viewbox=\"0 0 448 512\" xmlns=\"http:\/\/www.w3.org\/2000\/svg\"><path d=\"M190.5 66.9l22.2-22.2c9.4-9.4 24.6-9.4 33.9 0L441 239c9.4 9.4 9.4 24.6 0 33.9L246.6 467.3c-9.4 9.4-24.6 9.4-33.9 0l-22.2-22.2c-9.5-9.5-9.3-25 .4-34.3L311.4 296H24c-13.3 0-24-10.7-24-24v-32c0-13.3 10.7-24 24-24h287.4L190.9 101.2c-9.8-9.3-10-24.8-.4-34.3z\"><\/path><\/svg>\t\t\t<\/div>\n\t\t<\/div>\n\t\t\t\t\t\t<\/div>\n\t\t\t\t<\/div>\n\t\t\t\t<div class=\"elementor-element elementor-element-37651ea elementor-widget__width-initial elementor-widget-tablet_extra__width-initial elementor-widget elementor-widget-heading\" data-id=\"37651ea\" data-element_type=\"widget\" data-widget_type=\"heading.default\">\n\t\t\t\t<div class=\"elementor-widget-container\">\n\t\t\t\t\t<p class=\"elementor-heading-title elementor-size-default\">Buscamos ser um suporte para esta comunidade!<\/p>\t\t\t\t<\/div>\n\t\t\t\t<\/div>\n\t\t\t\t<\/div>\n\t\t\t\t<\/div>\n\t\t\t\t\t<\/div>\n\t\t\t\t<\/div>\n\t\t<div class=\"elementor-element elementor-element-8af6257 e-flex e-con-boxed e-con e-parent\" data-id=\"8af6257\" data-element_type=\"container\" data-settings=\"{&quot;background_background&quot;:&quot;classic&quot;}\">\n\t\t\t\t\t<div class=\"e-con-inner\">\n\t\t<div class=\"elementor-element elementor-element-03119d1 e-con-full e-flex e-con e-child\" data-id=\"03119d1\" data-element_type=\"container\" data-settings=\"{&quot;background_background&quot;:&quot;classic&quot;}\">\n\t\t\t\t<div class=\"elementor-element elementor-element-8d33c7d elementor-widget__width-inherit elementor-widget elementor-widget-heading\" data-id=\"8d33c7d\" data-element_type=\"widget\" data-widget_type=\"heading.default\">\n\t\t\t\t<div class=\"elementor-widget-container\">\n\t\t\t\t\t<h1 class=\"elementor-heading-title elementor-size-default\"><b>Porque<\/b> surge?<\/h1>\t\t\t\t<\/div>\n\t\t\t\t<\/div>\n\t\t\t\t<\/div>\n\t\t<div class=\"elementor-element elementor-element-ad74c5f e-con-full e-flex e-con e-child\" data-id=\"ad74c5f\" data-element_type=\"container\" data-settings=\"{&quot;background_background&quot;:&quot;classic&quot;}\">\n\t\t\t\t<\/div>\n\t\t\t\t\t<\/div>\n\t\t\t\t<\/div>\n\t\t<div class=\"elementor-element elementor-element-a1f9367 e-flex e-con-boxed e-con e-parent\" data-id=\"a1f9367\" data-element_type=\"container\" data-settings=\"{&quot;background_background&quot;:&quot;classic&quot;}\">\n\t\t\t\t\t<div class=\"e-con-inner\">\n\t\t<div class=\"elementor-element elementor-element-c86928a e-con-full e-flex e-con e-child\" data-id=\"c86928a\" data-element_type=\"container\">\n\t\t\t\t<\/div>\n\t\t<div class=\"elementor-element elementor-element-967b75f e-con-full e-flex e-con e-child\" data-id=\"967b75f\" data-element_type=\"container\">\n\t\t\t\t<div class=\"elementor-element elementor-element-7791d71 elementor-widget elementor-widget-heading\" data-id=\"7791d71\" data-element_type=\"widget\" data-widget_type=\"heading.default\">\n\t\t\t\t<div class=\"elementor-widget-container\">\n\t\t\t\t\t<div class=\"elementor-heading-title elementor-size-default\">Queremos que as equipes e os terapeutas sejam mais vis\u00edveis e mais f\u00e1ceis de serem encontrados por pessoas que precisam de terapia DBT, e buscamos fornecer aos terapeutas e equipes uma comunidade que apoie uns aos outros e contribua para seu crescimento profissional e acad\u00eamico.\n<br><br>\nA terapia comportamental dial\u00e9tica \u00e9 um dos tratamentos mais utilizados no mundo de l\u00edngua espanhola. H\u00e1 um n\u00famero crescente de terapeutas e equipes de TCD em diferentes cidades da Am\u00e9rica Latina; isso nos permitiu identificar a necessidade de criar espa\u00e7os que permitam o desenvolvimento de uma comunidade de terapeutas e equipes com forma\u00e7\u00e3o em TCD, que tenham a oportunidade de se reunir e discutir aspectos acad\u00eamicos e profissionais do tratamento.<\/div>\t\t\t\t<\/div>\n\t\t\t\t<\/div>\n\t\t\t\t<\/div>\n\t\t\t\t\t<\/div>\n\t\t\t\t<\/div>\n\t\t<div class=\"elementor-element elementor-element-1ba4a70 e-grid e-con-boxed e-con e-parent\" data-id=\"1ba4a70\" data-element_type=\"container\" data-settings=\"{&quot;background_background&quot;:&quot;classic&quot;}\">\n\t\t\t\t\t<div class=\"e-con-inner\">\n\t\t<div class=\"elementor-element elementor-element-1d2a538 e-con-full e-grid e-con e-child\" data-id=\"1d2a538\" data-element_type=\"container\">\n\t\t\t\t<div class=\"elementor-element elementor-element-88c7847 elementor-widget elementor-widget-heading\" data-id=\"88c7847\" data-element_type=\"widget\" data-widget_type=\"heading.default\">\n\t\t\t\t<div class=\"elementor-widget-container\">\n\t\t\t\t\t<h2 class=\"elementor-heading-title elementor-size-default\">Equipes Ibero-Americanas do DBT<\/h2>\t\t\t\t<\/div>\n\t\t\t\t<\/div>\n\t\t<div class=\"elementor-element elementor-element-5f511f1 e-con-full e-flex e-con e-child\" data-id=\"5f511f1\" data-element_type=\"container\">\n\t\t\t\t<div class=\"elementor-element elementor-element-b02fdab elementor-widget elementor-widget-html\" data-id=\"b02fdab\" data-element_type=\"widget\" data-widget_type=\"html.default\">\n\t\t\t\t<div class=\"elementor-widget-container\">\n\t\t\t\t\t<div id=\"infoBox\"><\/div>\t\t\t\t<\/div>\n\t\t\t\t<\/div>\n\t\t\t\t<\/div>\n\t\t\t\t<\/div>\n\t\t<div class=\"elementor-element elementor-element-eb273bd e-con-full e-flex e-con e-child\" data-id=\"eb273bd\" data-element_type=\"container\" data-settings=\"{&quot;background_background&quot;:&quot;classic&quot;}\">\n\t\t\t\t<div class=\"elementor-element elementor-element-5f8c380 elementor-widget elementor-widget-html\" data-id=\"5f8c380\" data-element_type=\"widget\" data-widget_type=\"html.default\">\n\t\t\t\t<div class=\"elementor-widget-container\">\n\t\t\t\t\t<svg id=\"dbtMap\" viewbox=\"0 0 800 830\" preserveaspectratio=\"xMidYMin meet\"><image href=\"https:\/\/justcoolpeople.com\/wp-content\/plugins\/mapa-dbt\/assets\/mapa.png\" width=\"800\" height=\"830\" \/><\/svg>\t\t\t\t<\/div>\n\t\t\t\t<\/div>\n\t\t\t\t<\/div>\n\t\t\t\t\t<\/div>\n\t\t\t\t<\/div>\n\t\t<div class=\"elementor-element elementor-element-38bf913 e-flex e-con-boxed e-con e-parent\" data-id=\"38bf913\" data-element_type=\"container\" data-settings=\"{&quot;background_background&quot;:&quot;classic&quot;}\">\n\t\t\t\t\t<div class=\"e-con-inner\">\n\t\t<div class=\"elementor-element elementor-element-b3c551d e-con-full e-flex e-con e-child\" data-id=\"b3c551d\" data-element_type=\"container\">\n\t\t\t\t<div class=\"elementor-element elementor-element-0a680d6 elementor-widget elementor-widget-image\" data-id=\"0a680d6\" data-element_type=\"widget\" data-widget_type=\"image.default\">\n\t\t\t\t<div class=\"elementor-widget-container\">\n\t\t\t\t\t\t\t\t\t\t\t\t\t\t\t<img fetchpriority=\"high\" decoding=\"async\" width=\"563\" height=\"123\" src=\"https:\/\/justcoolpeople.com\/wp-content\/uploads\/2025\/04\/wp-login-logo.svg\" class=\"attachment-large size-large wp-image-1000011569\" alt=\"\" \/>\t\t\t\t\t\t\t\t\t\t\t\t\t\t\t<\/div>\n\t\t\t\t<\/div>\n\t\t\t\t<\/div>\n\t\t<div class=\"elementor-element elementor-element-55f1f7d e-con-full e-flex e-con e-child\" data-id=\"55f1f7d\" data-element_type=\"container\">\n\t\t\t\t<div class=\"elementor-element elementor-element-fe1fe77 elementor-widget elementor-widget-button\" data-id=\"fe1fe77\" data-element_type=\"widget\" data-widget_type=\"button.default\">\n\t\t\t\t<div class=\"elementor-widget-container\">\n\t\t\t\t\t\t\t\t\t<div class=\"elementor-button-wrapper\">\n\t\t\t\t\t<a class=\"elementor-button elementor-button-link elementor-size-sm\" href=\"https:\/\/justcoolpeople.com\/pt\/unete\/\">\n\t\t\t\t\t\t<span class=\"elementor-button-content-wrapper\">\n\t\t\t\t\t\t\t\t\t<span class=\"elementor-button-text\">JUNTAR<\/span>\n\t\t\t\t\t<\/span>\n\t\t\t\t\t<\/a>\n\t\t\t\t<\/div>\n\t\t\t\t\t\t\t\t<\/div>\n\t\t\t\t<\/div>\n\t\t\t\t<div class=\"elementor-element elementor-element-57e039c elementor-button-info elementor-widget elementor-widget-button\" data-id=\"57e039c\" data-element_type=\"widget\" data-widget_type=\"button.default\">\n\t\t\t\t<div class=\"elementor-widget-container\">\n\t\t\t\t\t\t\t\t\t<div class=\"elementor-button-wrapper\">\n\t\t\t\t\t<a class=\"elementor-button elementor-button-link elementor-size-sm\" href=\"https:\/\/justcoolpeople.com\/pt\/contactanos\/\">\n\t\t\t\t\t\t<span class=\"elementor-button-content-wrapper\">\n\t\t\t\t\t\t\t\t\t<span class=\"elementor-button-text\">CONTATE-NOS<\/span>\n\t\t\t\t\t<\/span>\n\t\t\t\t\t<\/a>\n\t\t\t\t<\/div>\n\t\t\t\t\t\t\t\t<\/div>\n\t\t\t\t<\/div>\n\t\t\t\t<\/div>\n\t\t\t\t\t<\/div>\n\t\t\t\t<\/div>\n\t\t<div class=\"elementor-element elementor-element-7d9ab59 e-flex e-con-boxed e-con e-parent\" data-id=\"7d9ab59\" data-element_type=\"container\">\n\t\t\t\t\t<div class=\"e-con-inner\">\n\t\t\t\t<div class=\"elementor-element elementor-element-3a4473e elementor-widget elementor-widget-html\" data-id=\"3a4473e\" data-element_type=\"widget\" data-widget_type=\"html.default\">\n\t\t\t\t<div class=\"elementor-widget-container\">\n\t\t\t\t\t<script>\n    \nwindow.addEventListener(\"load\", () => {\n  const firstMarker = document.querySelector('#dbtMap image.marker.circle');\n  if (firstMarker) {\n    firstMarker.dispatchEvent(new MouseEvent('click', { bubbles: true }));\n  }\n});\n    \n<\/script>\t\t\t\t<\/div>\n\t\t\t\t<\/div>\n\t\t\t\t\t<\/div>\n\t\t\t\t<\/div>\n\t\t\t\t<\/div>","protected":false},"excerpt":{"rendered":"<p>Beneficios \u00danete Eventos Futuros Cont\u00e1ctanos IR A MI PERFIL Sociedad Iberoamericana de Dialectical Behavioral Therapy \u00a1Buscamos ser un apoyo para esta comunidad! \u00bfPor qu\u00e9 surge? Queremos que los equipos y [&hellip;]<\/p>","protected":false},"author":1,"featured_media":0,"parent":0,"menu_order":0,"comment_status":"closed","ping_status":"closed","template":"elementor_canvas","meta":{"_bbp_topic_count":0,"_bbp_reply_count":0,"_bbp_total_topic_count":0,"_bbp_total_reply_count":0,"_bbp_voice_count":0,"_bbp_anonymous_reply_count":0,"_bbp_topic_count_hidden":0,"_bbp_reply_count_hidden":0,"_bbp_forum_subforum_count":0,"pmpro_default_level":"","_joinchat":[],"footnotes":""},"class_list":["post-1000011576","page","type-page","status-publish","pmpro-has-access"],"_links":{"self":[{"href":"https:\/\/justcoolpeople.com\/pt\/wp-json\/wp\/v2\/pages\/1000011576","targetHints":{"allow":["GET"]}}],"collection":[{"href":"https:\/\/justcoolpeople.com\/pt\/wp-json\/wp\/v2\/pages"}],"about":[{"href":"https:\/\/justcoolpeople.com\/pt\/wp-json\/wp\/v2\/types\/page"}],"author":[{"embeddable":true,"href":"https:\/\/justcoolpeople.com\/pt\/wp-json\/wp\/v2\/users\/1"}],"replies":[{"embeddable":true,"href":"https:\/\/justcoolpeople.com\/pt\/wp-json\/wp\/v2\/comments?post=1000011576"}],"version-history":[{"count":425,"href":"https:\/\/justcoolpeople.com\/pt\/wp-json\/wp\/v2\/pages\/1000011576\/revisions"}],"predecessor-version":[{"id":1000014863,"href":"https:\/\/justcoolpeople.com\/pt\/wp-json\/wp\/v2\/pages\/1000011576\/revisions\/1000014863"}],"wp:attachment":[{"href":"https:\/\/justcoolpeople.com\/pt\/wp-json\/wp\/v2\/media?parent=1000011576"}],"curies":[{"name":"wp","href":"https:\/\/api.w.org\/{rel}","templated":true}]}}