{"id":1000011823,"date":"2025-05-20T22:59:57","date_gmt":"2025-05-21T03:59:57","guid":{"rendered":"https:\/\/justcoolpeople.com\/?page_id=1000011823"},"modified":"2025-10-07T08:02:09","modified_gmt":"2025-10-07T13:02:09","slug":"eventos-futuros","status":"publish","type":"page","link":"https:\/\/justcoolpeople.com\/pt\/eventos-futuros\/","title":{"rendered":"Eventos Futuros"},"content":{"rendered":"<div data-elementor-type=\"wp-page\" data-elementor-id=\"1000011823\" class=\"elementor elementor-1000011823\">\n\t\t\t\t<div class=\"elementor-element elementor-element-02da238 e-flex e-con-boxed e-con e-parent\" data-id=\"02da238\" data-element_type=\"container\">\n\t\t\t\t\t<div class=\"e-con-inner\">\n\t\t\t\t<div class=\"elementor-element elementor-element-d0874ad elementor-widget__width-inherit elementor-widget elementor-widget-canvas_header_widget\" data-id=\"d0874ad\" data-element_type=\"widget\" data-widget_type=\"canvas_header_widget.default\">\n\t\t\t\t<div class=\"elementor-widget-container\">\n\t\t\t\t\t        \n\n\n<script>\n    document.addEventListener('DOMContentLoaded', function () {\n        const buttons = document.querySelectorAll('.menu-toggle');\n        const overlay = document.createElement('div');\n        overlay.classList.add('menu-overlay');\n        document.body.appendChild(overlay);\n\n        buttons.forEach(btn => {\n            btn.addEventListener('click', function () {\n                const nav = btn.parentElement.querySelector('nav');\n                const header = btn.closest(\"#dbt-header\");\n                btn.classList.toggle('open');\n                nav.classList.toggle('open');\n                document.body.classList.toggle('menu-open');\n                overlay.classList.toggle('overlay-burguer', nav.classList.contains('open'));\n            });\n        });\n\n        overlay.addEventListener('click', function () {\n            document.querySelectorAll('.menu-toggle').forEach(btn => btn.classList.remove('open'));\n            document.querySelectorAll('#dbt-header nav').forEach(nav => nav.classList.remove('open'));\n            document.body.classList.remove('menu-open');\n            overlay.classList.remove('overlay-burguer');\n        });\n\n        document.querySelectorAll('#dbt-header nav a').forEach(link => {\n            link.addEventListener('click', function () {\n                document.querySelectorAll('.menu-toggle').forEach(btn => btn.classList.remove('open'));\n                document.querySelectorAll('#dbt-header nav').forEach(nav => nav.classList.remove('open'));\n                document.body.classList.remove('menu-open');\n                overlay.classList.remove('overlay-burguer');\n            });\n        });\n    });\n<\/script>\n\n\n\n        <header id=\"dbt-header\" class=\"ech-header\">\n            <div class=\"logo\">\n                <a href=\"https:\/\/justcoolpeople.com\/pt\/\"><img decoding=\"async\" src=\"https:\/\/justcoolpeople.com\/wp-content\/uploads\/2025\/04\/SIDBT.svg\" alt=\"Logo\"><\/a>\n            <\/div>\n            <button class=\"menu-toggle\"><\/button>\n            <nav>\n                <ul><li><a href=\"https:\/\/justcoolpeople.com\/pt\/beneficios\/\">Benef\u00edcios<\/a><\/li><li><a href=\"https:\/\/justcoolpeople.com\/pt\/unete\/\">Juntar<\/a><\/li><li><a href=\"https:\/\/justcoolpeople.com\/pt\/eventos-futuros\/\">Eventos Futuros<\/a><\/li><li><a href=\"https:\/\/justcoolpeople.com\/pt\/contactanos\/\">Contate-nos<\/a><\/li><li><a href=\"https:\/\/justcoolpeople.com\/pt\/login\/\">Acesso<\/a><\/li><\/ul>            <\/nav>\n        <\/header>\n        \t\t\t\t<\/div>\n\t\t\t\t<\/div>\n\t\t\t\t\t<\/div>\n\t\t\t\t<\/div>\n\t\t<div class=\"elementor-element elementor-element-447fac2 e-flex e-con-boxed e-con e-parent\" data-id=\"447fac2\" data-element_type=\"container\">\n\t\t\t\t\t<div class=\"e-con-inner\">\n\t\t\t\t<div class=\"elementor-element elementor-element-177f3b4 elementor-pagination-position-inside elementor-arrows-position-inside elementor-widget elementor-widget-image-carousel\" data-id=\"177f3b4\" data-element_type=\"widget\" id=\"carousel-eventos-futuros\" data-settings=\"{&quot;slides_to_show&quot;:&quot;1&quot;,&quot;navigation&quot;:&quot;both&quot;,&quot;autoplay&quot;:&quot;yes&quot;,&quot;pause_on_hover&quot;:&quot;yes&quot;,&quot;pause_on_interaction&quot;:&quot;yes&quot;,&quot;autoplay_speed&quot;:5000,&quot;infinite&quot;:&quot;yes&quot;,&quot;effect&quot;:&quot;slide&quot;,&quot;speed&quot;:500}\" data-widget_type=\"image-carousel.default\">\n\t\t\t\t<div class=\"elementor-widget-container\">\n\t\t\t\t\t\t\t<div class=\"elementor-image-carousel-wrapper swiper\" role=\"region\" aria-roledescription=\"carousel\" aria-label=\"Carrossel de imagens\" dir=\"ltr\">\n\t\t\t<div class=\"elementor-image-carousel swiper-wrapper swiper-image-stretch\" aria-live=\"off\">\n\t\t\t\t\t\t\t\t<div class=\"swiper-slide\" role=\"group\" aria-roledescription=\"slide\" aria-label=\"1 de 1\" data-no-translation-aria-label=\"\"><a data-elementor-open-lightbox=\"yes\" data-elementor-lightbox-slideshow=\"177f3b4\" data-elementor-lightbox-title=\"Imagen 3\" data-e-action-hash=\"#elementor-action%3Aaction%3Dlightbox%26settings%3DeyJpZCI6MTAwMDAxMjQ2OCwidXJsIjoiaHR0cHM6XC9cL2p1c3Rjb29scGVvcGxlLmNvbVwvd3AtY29udGVudFwvdXBsb2Fkc1wvMjAyNVwvMDVcL0ltYWdlbi0zLmpwZyIsInNsaWRlc2hvdyI6IjE3N2YzYjQifQ%3D%3D\" href=\"http:\/\/www.google.com\" target=\"_blank\"><figure class=\"swiper-slide-inner\"><img decoding=\"async\" class=\"swiper-slide-image\" src=\"https:\/\/justcoolpeople.com\/wp-content\/uploads\/2025\/05\/Imagen-3.jpg\" alt=\"Tercer Congreso Iberoamericano de DBT 19 al 21 de Junio de 2025  \u279c  Modalidad online\" \/><figcaption class=\"elementor-image-carousel-caption\">Terceiro Congresso Ibero-Americano sobre DBT <\/br>\n\n<b>19 a 21 de junho de 2025<\/b>\n\n<div style=\"align-items: center;font-size: 22px;color: #1f1f1f\">\n  <span style=\"color: #e4ad58;font-size: 26px;margin-right: 10px\">\u279c<\/span>\n  <span>Modalidade online<\/span>\n<\/div><\/figcaption><\/figure><\/a><\/div>\t\t\t<\/div>\n\t\t\t\t\t<\/div>\n\t\t\t\t\t\t<\/div>\n\t\t\t\t<\/div>\n\t\t\t\t\t<\/div>\n\t\t\t\t<\/div>\n\t\t<div class=\"elementor-element elementor-element-6e80ba4 e-flex e-con-boxed e-con e-parent\" data-id=\"6e80ba4\" data-element_type=\"container\" data-settings=\"{&quot;background_background&quot;:&quot;gradient&quot;}\">\n\t\t\t\t\t<div class=\"e-con-inner\">\n\t\t<div class=\"elementor-element elementor-element-1eb305e e-con-full e-flex e-con e-child\" data-id=\"1eb305e\" data-element_type=\"container\" data-settings=\"{&quot;background_background&quot;:&quot;classic&quot;}\">\n\t\t<div class=\"elementor-element elementor-element-32086fd e-con-full e-flex e-con e-child\" data-id=\"32086fd\" data-element_type=\"container\">\n\t\t\t\t<div class=\"elementor-element elementor-element-601b100 elementor-widget-tablet_extra__width-initial elementor-widget elementor-widget-heading\" data-id=\"601b100\" data-element_type=\"widget\" data-widget_type=\"heading.default\">\n\t\t\t\t<div class=\"elementor-widget-container\">\n\t\t\t\t\t<p class=\"elementor-heading-title elementor-size-default\">Ao se registrar para a confer\u00eancia, voc\u00ea automaticamente se torna um membro do SI-<b>DBT<\/b> por um ano \n<br><br>\nConvidamos voc\u00ea a participar como participante ou a participar das diferentes modalidades de apresenta\u00e7\u00e3o: \n<br>\n\u2013 P\u00f4ster<br>\n\u2013 Simp\u00f3sio<br>\n\u2013 Apresenta\u00e7\u00e3o do tema<br>\n\u2013 Experi\u00eancias bem-sucedidas.<br><\/p>\t\t\t\t<\/div>\n\t\t\t\t<\/div>\n\t\t\t\t<\/div>\n\t\t\t\t<\/div>\n\t\t<div class=\"elementor-element elementor-element-813163e e-con-full e-flex e-con e-child\" data-id=\"813163e\" data-element_type=\"container\" data-settings=\"{&quot;background_background&quot;:&quot;classic&quot;}\">\n\t\t<div class=\"elementor-element elementor-element-3100a9c e-con-full e-flex e-con e-child\" data-id=\"3100a9c\" data-element_type=\"container\" data-settings=\"{&quot;background_background&quot;:&quot;classic&quot;}\">\n\t\t\t\t<div class=\"elementor-element elementor-element-d02a5ba elementor-widget-tablet_extra__width-initial elementor-widget elementor-widget-heading\" data-id=\"d02a5ba\" data-element_type=\"widget\" data-widget_type=\"heading.default\">\n\t\t\t\t<div class=\"elementor-widget-container\">\n\t\t\t\t\t<p class=\"elementor-heading-title elementor-size-default\">Informa\u00e7\u00f5es e inscri\u00e7\u00f5es:<\/p>\t\t\t\t<\/div>\n\t\t\t\t<\/div>\n\t\t\t\t<div class=\"elementor-element elementor-element-dc5bb65 elementor-align-left elementor-widget elementor-widget-button\" data-id=\"dc5bb65\" data-element_type=\"widget\" data-widget_type=\"button.default\">\n\t\t\t\t<div class=\"elementor-widget-container\">\n\t\t\t\t\t\t\t\t\t<div class=\"elementor-button-wrapper\">\n\t\t\t\t\t<a class=\"elementor-button elementor-button-link elementor-size-sm\" href=\"#\">\n\t\t\t\t\t\t<span class=\"elementor-button-content-wrapper\">\n\t\t\t\t\t\t\t\t\t<span class=\"elementor-button-text\">Congresso do Instagram<\/span>\n\t\t\t\t\t<\/span>\n\t\t\t\t\t<\/a>\n\t\t\t\t<\/div>\n\t\t\t\t\t\t\t\t<\/div>\n\t\t\t\t<\/div>\n\t\t\t\t<div class=\"elementor-element elementor-element-1d14714 elementor-align-left elementor-widget elementor-widget-button\" data-id=\"1d14714\" data-element_type=\"widget\" data-widget_type=\"button.default\">\n\t\t\t\t<div class=\"elementor-widget-container\">\n\t\t\t\t\t\t\t\t\t<div class=\"elementor-button-wrapper\">\n\t\t\t\t\t<a class=\"elementor-button elementor-button-link elementor-size-sm\" href=\"#\">\n\t\t\t\t\t\t<span class=\"elementor-button-content-wrapper\">\n\t\t\t\t\t\t\t\t\t<span class=\"elementor-button-text\">Site do Congresso<\/span>\n\t\t\t\t\t<\/span>\n\t\t\t\t\t<\/a>\n\t\t\t\t<\/div>\n\t\t\t\t\t\t\t\t<\/div>\n\t\t\t\t<\/div>\n\t\t\t\t<\/div>\n\t\t\t\t<\/div>\n\t\t\t\t\t<\/div>\n\t\t\t\t<\/div>\n\t\t<div class=\"elementor-element elementor-element-9ffd9df e-flex e-con-boxed e-con e-parent\" data-id=\"9ffd9df\" data-element_type=\"container\" data-settings=\"{&quot;background_background&quot;:&quot;gradient&quot;}\">\n\t\t\t\t\t<div class=\"e-con-inner\">\n\t\t<div class=\"elementor-element elementor-element-7ece2b2 e-con-full e-flex e-con e-child\" data-id=\"7ece2b2\" data-element_type=\"container\" data-settings=\"{&quot;background_background&quot;:&quot;classic&quot;}\">\n\t\t\t\t<\/div>\n\t\t<div class=\"elementor-element elementor-element-6d11451 e-con-full e-flex e-con e-child\" data-id=\"6d11451\" data-element_type=\"container\" data-settings=\"{&quot;background_background&quot;:&quot;classic&quot;}\">\n\t\t\t\t<\/div>\n\t\t\t\t\t<\/div>\n\t\t\t\t<\/div>\n\t\t<div class=\"elementor-element elementor-element-05feb88 e-flex e-con-boxed e-con e-parent\" data-id=\"05feb88\" data-element_type=\"container\" data-settings=\"{&quot;background_background&quot;:&quot;classic&quot;}\">\n\t\t\t\t\t<div class=\"e-con-inner\">\n\t\t<div class=\"elementor-element elementor-element-a1249d8 e-con-full e-flex e-con e-child\" data-id=\"a1249d8\" data-element_type=\"container\">\n\t\t\t\t<\/div>\n\t\t<div class=\"elementor-element elementor-element-5a61d3f e-con-full e-flex e-con e-child\" data-id=\"5a61d3f\" data-element_type=\"container\">\n\t\t<div class=\"elementor-element elementor-element-d8e906d e-con-full e-flex e-con e-child\" data-id=\"d8e906d\" data-element_type=\"container\">\n\t\t\t\t<div class=\"elementor-element elementor-element-558bf7b elementor-widget elementor-widget-heading\" data-id=\"558bf7b\" data-element_type=\"widget\" data-widget_type=\"heading.default\">\n\t\t\t\t<div class=\"elementor-widget-container\">\n\t\t\t\t\t<h2 class=\"elementor-heading-title elementor-size-default\">Voc\u00ea quer fazer o <b>treinamento fundamental intensivo?<\/b><\/h2>\t\t\t\t<\/div>\n\t\t\t\t<\/div>\n\t\t\t\t<div class=\"elementor-element elementor-element-5caf1dc elementor-view-default elementor-widget elementor-widget-icon\" data-id=\"5caf1dc\" data-element_type=\"widget\" data-widget_type=\"icon.default\">\n\t\t\t\t<div class=\"elementor-widget-container\">\n\t\t\t\t\t\t\t<div class=\"elementor-icon-wrapper\">\n\t\t\t<a class=\"elementor-icon\" href=\"#\">\n\t\t\t<svg aria-hidden=\"true\" class=\"e-font-icon-svg e-fas-arrow-right\" viewbox=\"0 0 448 512\" xmlns=\"http:\/\/www.w3.org\/2000\/svg\"><path d=\"M190.5 66.9l22.2-22.2c9.4-9.4 24.6-9.4 33.9 0L441 239c9.4 9.4 9.4 24.6 0 33.9L246.6 467.3c-9.4 9.4-24.6 9.4-33.9 0l-22.2-22.2c-9.5-9.5-9.3-25 .4-34.3L311.4 296H24c-13.3 0-24-10.7-24-24v-32c0-13.3 10.7-24 24-24h287.4L190.9 101.2c-9.8-9.3-10-24.8-.4-34.3z\"><\/path><\/svg>\t\t\t<\/a>\n\t\t<\/div>\n\t\t\t\t\t\t<\/div>\n\t\t\t\t<\/div>\n\t\t\t\t<\/div>\n\t\t\t\t<div class=\"elementor-element elementor-element-d3c2df7 elementor-widget elementor-widget-heading\" data-id=\"d3c2df7\" data-element_type=\"widget\" data-widget_type=\"heading.default\">\n\t\t\t\t<div class=\"elementor-widget-container\">\n\t\t\t\t\t<p class=\"elementor-heading-title elementor-size-default\">Conhe\u00e7a os programas dispon\u00edveis nos seus idiomas preferidos e tenha acesso a descontos.<\/p>\t\t\t\t<\/div>\n\t\t\t\t<\/div>\n\t\t\t\t<\/div>\n\t\t\t\t\t<\/div>\n\t\t\t\t<\/div>\n\t\t<div class=\"elementor-element elementor-element-8de1f77 e-flex e-con-boxed e-con e-parent\" data-id=\"8de1f77\" data-element_type=\"container\" data-settings=\"{&quot;background_background&quot;:&quot;classic&quot;}\">\n\t\t\t\t\t<div class=\"e-con-inner\">\n\t\t<div class=\"elementor-element elementor-element-45d3943 e-con-full e-flex e-con e-child\" data-id=\"45d3943\" data-element_type=\"container\">\n\t\t\t\t<div class=\"elementor-element elementor-element-7b4afea elementor-widget elementor-widget-heading\" data-id=\"7b4afea\" data-element_type=\"widget\" data-widget_type=\"heading.default\">\n\t\t\t\t<div class=\"elementor-widget-container\">\n\t\t\t\t\t<p class=\"elementor-heading-title elementor-size-default\"><a href=\"https:\/\/dbtiberoamerica.com\/\">DBT IBEROAM\u00c9RICA<\/a><\/p>\t\t\t\t<\/div>\n\t\t\t\t<\/div>\n\t\t\t\t<div class=\"elementor-element elementor-element-584482b elementor-widget__width-initial elementor-widget-tablet_extra__width-initial elementor-widget elementor-widget-heading\" data-id=\"584482b\" data-element_type=\"widget\" data-widget_type=\"heading.default\">\n\t\t\t\t<div class=\"elementor-widget-container\">\n\t\t\t\t\t<h2 class=\"elementor-heading-title elementor-size-default\"><a href=\"https:\/\/dbtiberoamerica.com\/\">Em <b>Espanhol<\/b><\/a><\/h2>\t\t\t\t<\/div>\n\t\t\t\t<\/div>\n\t\t\t\t<div class=\"elementor-element elementor-element-e416884 elementor-widget elementor-widget-image\" data-id=\"e416884\" data-element_type=\"widget\" data-widget_type=\"image.default\">\n\t\t\t\t<div class=\"elementor-widget-container\">\n\t\t\t\t\t\t\t\t\t\t\t\t\t\t\t\t<a href=\"https:\/\/dbtiberoamerica.com\/\">\n\t\t\t\t\t\t\t<img fetchpriority=\"high\" decoding=\"async\" width=\"300\" height=\"186\" src=\"https:\/\/justcoolpeople.com\/wp-content\/uploads\/2025\/06\/Tavola-disegno-1-copia-4-300x186.png\" class=\"attachment-medium size-medium wp-image-1000014823\" alt=\"\" srcset=\"https:\/\/justcoolpeople.com\/wp-content\/uploads\/2025\/06\/Tavola-disegno-1-copia-4-300x186.png 300w, https:\/\/justcoolpeople.com\/wp-content\/uploads\/2025\/06\/Tavola-disegno-1-copia-4-18x12.png 18w, https:\/\/justcoolpeople.com\/wp-content\/uploads\/2025\/06\/Tavola-disegno-1-copia-4.png 302w\" sizes=\"(max-width: 300px) 100vw, 300px\" \/>\t\t\t\t\t\t\t\t<\/a>\n\t\t\t\t\t\t\t\t\t\t\t\t\t\t\t<\/div>\n\t\t\t\t<\/div>\n\t\t\t\t<\/div>\n\t\t<div class=\"elementor-element elementor-element-1b30154 e-con-full e-flex e-con e-child\" data-id=\"1b30154\" data-element_type=\"container\">\n\t\t\t\t<div class=\"elementor-element elementor-element-ba08e04 elementor-widget__width-initial elementor-widget elementor-widget-heading\" data-id=\"ba08e04\" data-element_type=\"widget\" data-widget_type=\"heading.default\">\n\t\t\t\t<div class=\"elementor-widget-container\">\n\t\t\t\t\t<p class=\"elementor-heading-title elementor-size-default\"><a href=\"https:\/\/dbtbrasil.com\/\">DBT BRASIL<\/a><\/p>\t\t\t\t<\/div>\n\t\t\t\t<\/div>\n\t\t\t\t<div class=\"elementor-element elementor-element-cf3312d elementor-widget__width-initial elementor-widget-tablet_extra__width-initial elementor-widget elementor-widget-heading\" data-id=\"cf3312d\" data-element_type=\"widget\" data-widget_type=\"heading.default\">\n\t\t\t\t<div class=\"elementor-widget-container\">\n\t\t\t\t\t<h2 class=\"elementor-heading-title elementor-size-default\"><a href=\"https:\/\/dbtbrasil.com\/\">Em <b>Portugu\u00eas<\/b><\/a><\/h2>\t\t\t\t<\/div>\n\t\t\t\t<\/div>\n\t\t\t\t<div class=\"elementor-element elementor-element-60c6002 elementor-widget elementor-widget-image\" data-id=\"60c6002\" data-element_type=\"widget\" data-widget_type=\"image.default\">\n\t\t\t\t<div class=\"elementor-widget-container\">\n\t\t\t\t\t\t\t\t\t\t\t\t\t\t\t\t<a href=\"https:\/\/dbtbrasil.com\/\">\n\t\t\t\t\t\t\t<img decoding=\"async\" width=\"300\" height=\"185\" src=\"https:\/\/justcoolpeople.com\/wp-content\/uploads\/2025\/06\/Tavola-disegno-1-copia-3-300x185.png\" class=\"attachment-medium size-medium wp-image-1000014825\" alt=\"\" srcset=\"https:\/\/justcoolpeople.com\/wp-content\/uploads\/2025\/06\/Tavola-disegno-1-copia-3-300x185.png 300w, https:\/\/justcoolpeople.com\/wp-content\/uploads\/2025\/06\/Tavola-disegno-1-copia-3-18x12.png 18w, https:\/\/justcoolpeople.com\/wp-content\/uploads\/2025\/06\/Tavola-disegno-1-copia-3.png 303w\" sizes=\"(max-width: 300px) 100vw, 300px\" \/>\t\t\t\t\t\t\t\t<\/a>\n\t\t\t\t\t\t\t\t\t\t\t\t\t\t\t<\/div>\n\t\t\t\t<\/div>\n\t\t\t\t<\/div>\n\t\t<div class=\"elementor-element elementor-element-5affee1 e-con-full e-flex e-con e-child\" data-id=\"5affee1\" data-element_type=\"container\">\n\t\t\t\t<div class=\"elementor-element elementor-element-7ea5c02 elementor-widget elementor-widget-heading\" data-id=\"7ea5c02\" data-element_type=\"widget\" data-widget_type=\"heading.default\">\n\t\t\t\t<div class=\"elementor-widget-container\">\n\t\t\t\t\t<p class=\"elementor-heading-title elementor-size-default\">ORGANIZA\u00c7\u00c3O DE TECNOLOGIA COMPORTAMENTAL<\/p>\t\t\t\t<\/div>\n\t\t\t\t<\/div>\n\t\t\t\t<div class=\"elementor-element elementor-element-6f269a9 elementor-widget__width-initial elementor-widget-tablet_extra__width-initial elementor-widget elementor-widget-heading\" data-id=\"6f269a9\" data-element_type=\"widget\" data-widget_type=\"heading.default\">\n\t\t\t\t<div class=\"elementor-widget-container\">\n\t\t\t\t\t<h2 class=\"elementor-heading-title elementor-size-default\">Em <b>Ingl\u00eas<\/b><\/h2>\t\t\t\t<\/div>\n\t\t\t\t<\/div>\n\t\t\t\t<div class=\"elementor-element elementor-element-763cdac elementor-widget elementor-widget-image\" data-id=\"763cdac\" data-element_type=\"widget\" data-widget_type=\"image.default\">\n\t\t\t\t<div class=\"elementor-widget-container\">\n\t\t\t\t\t\t\t\t\t\t\t\t\t\t\t<img decoding=\"async\" width=\"300\" height=\"185\" src=\"https:\/\/justcoolpeople.com\/wp-content\/uploads\/2025\/06\/Tavola-disegno-1-copia-2-300x185.png\" class=\"attachment-medium size-medium wp-image-1000014824\" alt=\"\" srcset=\"https:\/\/justcoolpeople.com\/wp-content\/uploads\/2025\/06\/Tavola-disegno-1-copia-2-300x185.png 300w, https:\/\/justcoolpeople.com\/wp-content\/uploads\/2025\/06\/Tavola-disegno-1-copia-2-18x12.png 18w, https:\/\/justcoolpeople.com\/wp-content\/uploads\/2025\/06\/Tavola-disegno-1-copia-2.png 303w\" sizes=\"(max-width: 300px) 100vw, 300px\" \/>\t\t\t\t\t\t\t\t\t\t\t\t\t\t\t<\/div>\n\t\t\t\t<\/div>\n\t\t\t\t<\/div>\n\t\t\t\t\t<\/div>\n\t\t\t\t<\/div>\n\t\t<div class=\"elementor-element elementor-element-7056052 e-flex e-con-boxed e-con e-parent\" data-id=\"7056052\" data-element_type=\"container\" data-settings=\"{&quot;background_background&quot;:&quot;classic&quot;}\">\n\t\t\t\t\t<div class=\"e-con-inner\">\n\t\t\t\t<div class=\"elementor-element elementor-element-a25c488 elementor-widget__width-initial elementor-widget-tablet_extra__width-initial elementor-widget elementor-widget-heading\" data-id=\"a25c488\" data-element_type=\"widget\" data-widget_type=\"heading.default\">\n\t\t\t\t<div class=\"elementor-widget-container\">\n\t\t\t\t\t<p class=\"elementor-heading-title elementor-size-default\">Buscamos ser um suporte para esta comunidade!<\/p>\t\t\t\t<\/div>\n\t\t\t\t<\/div>\n\t\t\t\t<div class=\"elementor-element elementor-element-976dc58 elementor-view-default elementor-widget elementor-widget-icon\" data-id=\"976dc58\" data-element_type=\"widget\" data-widget_type=\"icon.default\">\n\t\t\t\t<div class=\"elementor-widget-container\">\n\t\t\t\t\t\t\t<div class=\"elementor-icon-wrapper\">\n\t\t\t<div class=\"elementor-icon\">\n\t\t\t<svg aria-hidden=\"true\" class=\"e-font-icon-svg e-fas-arrow-right\" viewbox=\"0 0 448 512\" xmlns=\"http:\/\/www.w3.org\/2000\/svg\"><path d=\"M190.5 66.9l22.2-22.2c9.4-9.4 24.6-9.4 33.9 0L441 239c9.4 9.4 9.4 24.6 0 33.9L246.6 467.3c-9.4 9.4-24.6 9.4-33.9 0l-22.2-22.2c-9.5-9.5-9.3-25 .4-34.3L311.4 296H24c-13.3 0-24-10.7-24-24v-32c0-13.3 10.7-24 24-24h287.4L190.9 101.2c-9.8-9.3-10-24.8-.4-34.3z\"><\/path><\/svg>\t\t\t<\/div>\n\t\t<\/div>\n\t\t\t\t\t\t<\/div>\n\t\t\t\t<\/div>\n\t\t\t\t\t<\/div>\n\t\t\t\t<\/div>\n\t\t<div class=\"elementor-element elementor-element-f03c490 e-flex e-con-boxed e-con e-parent\" data-id=\"f03c490\" data-element_type=\"container\" data-settings=\"{&quot;background_background&quot;:&quot;classic&quot;}\">\n\t\t\t\t\t<div class=\"e-con-inner\">\n\t\t<div class=\"elementor-element elementor-element-af252bf e-con-full e-flex e-con e-child\" data-id=\"af252bf\" data-element_type=\"container\">\n\t\t\t\t<div class=\"elementor-element elementor-element-77e9625 elementor-widget elementor-widget-image\" data-id=\"77e9625\" data-element_type=\"widget\" data-widget_type=\"image.default\">\n\t\t\t\t<div class=\"elementor-widget-container\">\n\t\t\t\t\t\t\t\t\t\t\t\t\t\t\t<img loading=\"lazy\" decoding=\"async\" width=\"563\" height=\"123\" src=\"https:\/\/justcoolpeople.com\/wp-content\/uploads\/2025\/04\/wp-login-logo.svg\" class=\"attachment-large size-large wp-image-1000011569\" alt=\"\" \/>\t\t\t\t\t\t\t\t\t\t\t\t\t\t\t<\/div>\n\t\t\t\t<\/div>\n\t\t\t\t<\/div>\n\t\t<div class=\"elementor-element elementor-element-a966fae e-con-full e-flex e-con e-child\" data-id=\"a966fae\" data-element_type=\"container\">\n\t\t\t\t<div class=\"elementor-element elementor-element-63fa2f7 elementor-widget elementor-widget-button\" data-id=\"63fa2f7\" data-element_type=\"widget\" data-widget_type=\"button.default\">\n\t\t\t\t<div class=\"elementor-widget-container\">\n\t\t\t\t\t\t\t\t\t<div class=\"elementor-button-wrapper\">\n\t\t\t\t\t<a class=\"elementor-button elementor-button-link elementor-size-sm\" href=\"https:\/\/justcoolpeople.com\/pt\/unete\/\">\n\t\t\t\t\t\t<span class=\"elementor-button-content-wrapper\">\n\t\t\t\t\t\t\t\t\t<span class=\"elementor-button-text\">JUNTAR<\/span>\n\t\t\t\t\t<\/span>\n\t\t\t\t\t<\/a>\n\t\t\t\t<\/div>\n\t\t\t\t\t\t\t\t<\/div>\n\t\t\t\t<\/div>\n\t\t\t\t<div class=\"elementor-element elementor-element-70e1017 elementor-button-info elementor-widget elementor-widget-button\" data-id=\"70e1017\" data-element_type=\"widget\" data-widget_type=\"button.default\">\n\t\t\t\t<div class=\"elementor-widget-container\">\n\t\t\t\t\t\t\t\t\t<div class=\"elementor-button-wrapper\">\n\t\t\t\t\t<a class=\"elementor-button elementor-button-link elementor-size-sm\" href=\"https:\/\/justcoolpeople.com\/pt\/contactanos\/\">\n\t\t\t\t\t\t<span class=\"elementor-button-content-wrapper\">\n\t\t\t\t\t\t\t\t\t<span class=\"elementor-button-text\">CONTATE-NOS<\/span>\n\t\t\t\t\t<\/span>\n\t\t\t\t\t<\/a>\n\t\t\t\t<\/div>\n\t\t\t\t\t\t\t\t<\/div>\n\t\t\t\t<\/div>\n\t\t\t\t<\/div>\n\t\t\t\t\t<\/div>\n\t\t\t\t<\/div>\n\t\t\t\t<\/div>","protected":false},"excerpt":{"rendered":"<p>Beneficios \u00danete Eventos Futuros Cont\u00e1ctanos IR A MI PERFIL Tercer Congreso Iberoamericano de DBT 19 al 21 de Junio de 2025 \u279c Modalidad online Al inscribirte en el congreso, tienes [&hellip;]<\/p>","protected":false},"author":1,"featured_media":0,"parent":0,"menu_order":0,"comment_status":"closed","ping_status":"closed","template":"elementor_canvas","meta":{"_bbp_topic_count":0,"_bbp_reply_count":0,"_bbp_total_topic_count":0,"_bbp_total_reply_count":0,"_bbp_voice_count":0,"_bbp_anonymous_reply_count":0,"_bbp_topic_count_hidden":0,"_bbp_reply_count_hidden":0,"_bbp_forum_subforum_count":0,"pmpro_default_level":"","_joinchat":{"view":"yes"},"footnotes":""},"class_list":["post-1000011823","page","type-page","status-publish","pmpro-has-access"],"_links":{"self":[{"href":"https:\/\/justcoolpeople.com\/pt\/wp-json\/wp\/v2\/pages\/1000011823","targetHints":{"allow":["GET"]}}],"collection":[{"href":"https:\/\/justcoolpeople.com\/pt\/wp-json\/wp\/v2\/pages"}],"about":[{"href":"https:\/\/justcoolpeople.com\/pt\/wp-json\/wp\/v2\/types\/page"}],"author":[{"embeddable":true,"href":"https:\/\/justcoolpeople.com\/pt\/wp-json\/wp\/v2\/users\/1"}],"replies":[{"embeddable":true,"href":"https:\/\/justcoolpeople.com\/pt\/wp-json\/wp\/v2\/comments?post=1000011823"}],"version-history":[{"count":205,"href":"https:\/\/justcoolpeople.com\/pt\/wp-json\/wp\/v2\/pages\/1000011823\/revisions"}],"predecessor-version":[{"id":1000015119,"href":"https:\/\/justcoolpeople.com\/pt\/wp-json\/wp\/v2\/pages\/1000011823\/revisions\/1000015119"}],"wp:attachment":[{"href":"https:\/\/justcoolpeople.com\/pt\/wp-json\/wp\/v2\/media?parent=1000011823"}],"curies":[{"name":"wp","href":"https:\/\/api.w.org\/{rel}","templated":true}]}}