{"id":1000011825,"date":"2025-05-20T23:00:35","date_gmt":"2025-05-21T04:00:35","guid":{"rendered":"https:\/\/justcoolpeople.com\/?page_id=1000011825"},"modified":"2025-06-26T09:42:38","modified_gmt":"2025-06-26T14:42:38","slug":"contactanos","status":"publish","type":"page","link":"https:\/\/justcoolpeople.com\/pt\/contactanos\/","title":{"rendered":"Contate-nos"},"content":{"rendered":"<div data-elementor-type=\"wp-page\" data-elementor-id=\"1000011825\" class=\"elementor elementor-1000011825\">\n\t\t\t\t<div class=\"elementor-element elementor-element-ca20600 e-flex e-con-boxed e-con e-parent\" data-id=\"ca20600\" data-element_type=\"container\" id=\"header-contactanos-sidbt\" data-settings=\"{&quot;background_background&quot;:&quot;classic&quot;}\">\n\t\t\t\t\t<div class=\"e-con-inner\">\n\t\t<div class=\"elementor-element elementor-element-8b28964 e-con-full e-flex e-con e-child\" data-id=\"8b28964\" data-element_type=\"container\" data-settings=\"{&quot;background_background&quot;:&quot;classic&quot;}\">\n\t\t\t\t<div class=\"elementor-element elementor-element-3b44415 elementor-widget__width-inherit elementor-widget elementor-widget-canvas_header_widget\" data-id=\"3b44415\" data-element_type=\"widget\" data-widget_type=\"canvas_header_widget.default\">\n\t\t\t\t<div class=\"elementor-widget-container\">\n\t\t\t\t\t        \n\n\n<script>\n    document.addEventListener('DOMContentLoaded', function () {\n        const buttons = document.querySelectorAll('.menu-toggle');\n        const overlay = document.createElement('div');\n        overlay.classList.add('menu-overlay');\n        document.body.appendChild(overlay);\n\n        buttons.forEach(btn => {\n            btn.addEventListener('click', function () {\n                const nav = btn.parentElement.querySelector('nav');\n                const header = btn.closest(\"#dbt-header\");\n                btn.classList.toggle('open');\n                nav.classList.toggle('open');\n                document.body.classList.toggle('menu-open');\n                overlay.classList.toggle('overlay-burguer', nav.classList.contains('open'));\n            });\n        });\n\n        overlay.addEventListener('click', function () {\n            document.querySelectorAll('.menu-toggle').forEach(btn => btn.classList.remove('open'));\n            document.querySelectorAll('#dbt-header nav').forEach(nav => nav.classList.remove('open'));\n            document.body.classList.remove('menu-open');\n            overlay.classList.remove('overlay-burguer');\n        });\n\n        document.querySelectorAll('#dbt-header nav a').forEach(link => {\n            link.addEventListener('click', function () {\n                document.querySelectorAll('.menu-toggle').forEach(btn => btn.classList.remove('open'));\n                document.querySelectorAll('#dbt-header nav').forEach(nav => nav.classList.remove('open'));\n                document.body.classList.remove('menu-open');\n                overlay.classList.remove('overlay-burguer');\n            });\n        });\n    });\n<\/script>\n\n\n\n        <header id=\"dbt-header\" class=\"ech-header\">\n            <div class=\"logo\">\n                <a href=\"https:\/\/justcoolpeople.com\/pt\/\"><img decoding=\"async\" src=\"https:\/\/justcoolpeople.com\/wp-content\/uploads\/2025\/04\/SIDBT.svg\" alt=\"Logo\"><\/a>\n            <\/div>\n            <button class=\"menu-toggle\"><\/button>\n            <nav>\n                <ul><li><a href=\"https:\/\/justcoolpeople.com\/pt\/beneficios\/\">Benef\u00edcios<\/a><\/li><li><a href=\"https:\/\/justcoolpeople.com\/pt\/unete\/\">Juntar<\/a><\/li><li><a href=\"https:\/\/justcoolpeople.com\/pt\/eventos-futuros\/\">Eventos Futuros<\/a><\/li><li><a href=\"https:\/\/justcoolpeople.com\/pt\/contactanos\/\">Contate-nos<\/a><\/li><li><a href=\"https:\/\/justcoolpeople.com\/pt\/login\/\">Acesso<\/a><\/li><\/ul>            <\/nav>\n        <\/header>\n        \t\t\t\t<\/div>\n\t\t\t\t<\/div>\n\t\t\t\t<\/div>\n\t\t<div class=\"elementor-element elementor-element-e7524c1 e-con-full e-flex e-con e-child\" data-id=\"e7524c1\" data-element_type=\"container\">\n\t\t\t\t<div class=\"elementor-element elementor-element-d81c1a4 elementor-widget__width-initial elementor-widget-tablet_extra__width-initial elementor-widget elementor-widget-heading\" data-id=\"d81c1a4\" data-element_type=\"widget\" data-widget_type=\"heading.default\">\n\t\t\t\t<div class=\"elementor-widget-container\">\n\t\t\t\t\t<h2 class=\"elementor-heading-title elementor-size-default\">Entre em contato com esta comunidade para obter suporte ou <b>aten\u00e7\u00e3o personalizada<\/b><\/h2>\t\t\t\t<\/div>\n\t\t\t\t<\/div>\n\t\t\t\t<\/div>\n\t\t<div class=\"elementor-element elementor-element-b71a0e9 e-con-full e-flex e-con e-child\" data-id=\"b71a0e9\" data-element_type=\"container\">\n\t\t\t\t<div class=\"elementor-element elementor-element-28e7618 elementor-widget__width-initial elementor-icon-list--layout-traditional elementor-list-item-link-full_width elementor-widget elementor-widget-icon-list\" data-id=\"28e7618\" data-element_type=\"widget\" data-widget_type=\"icon-list.default\">\n\t\t\t\t<div class=\"elementor-widget-container\">\n\t\t\t\t\t\t\t<ul class=\"elementor-icon-list-items\">\n\t\t\t\t\t\t\t<li class=\"elementor-icon-list-item\">\n\t\t\t\t\t\t\t\t\t\t\t<a href=\"mailto:info@sidbt.org\">\n\n\t\t\t\t\t\t\t\t\t\t\t\t<span class=\"elementor-icon-list-icon\">\n\t\t\t\t\t\t\t<svg aria-hidden=\"true\" class=\"e-font-icon-svg e-fas-arrow-right\" viewbox=\"0 0 448 512\" xmlns=\"http:\/\/www.w3.org\/2000\/svg\"><path d=\"M190.5 66.9l22.2-22.2c9.4-9.4 24.6-9.4 33.9 0L441 239c9.4 9.4 9.4 24.6 0 33.9L246.6 467.3c-9.4 9.4-24.6 9.4-33.9 0l-22.2-22.2c-9.5-9.5-9.3-25 .4-34.3L311.4 296H24c-13.3 0-24-10.7-24-24v-32c0-13.3 10.7-24 24-24h287.4L190.9 101.2c-9.8-9.3-10-24.8-.4-34.3z\"><\/path><\/svg>\t\t\t\t\t\t<\/span>\n\t\t\t\t\t\t\t\t\t\t<span class=\"elementor-icon-list-text\"><b>info@sidbt.org<\/b><\/span>\n\t\t\t\t\t\t\t\t\t\t\t<\/a>\n\t\t\t\t\t\t\t\t\t<\/li>\n\t\t\t\t\t\t<\/ul>\n\t\t\t\t\t\t<\/div>\n\t\t\t\t<\/div>\n\t\t\t\t<\/div>\n\t\t\t\t\t<\/div>\n\t\t\t\t<\/div>\n\t\t<div class=\"elementor-element elementor-element-41ed3bd e-flex e-con-boxed e-con e-parent\" data-id=\"41ed3bd\" data-element_type=\"container\">\n\t\t\t\t\t<div class=\"e-con-inner\">\n\t\t\t\t<div class=\"elementor-element elementor-element-cc6a0f1 elementor-widget elementor-widget-html\" data-id=\"cc6a0f1\" data-element_type=\"widget\" data-widget_type=\"html.default\">\n\t\t\t\t<div class=\"elementor-widget-container\">\n\t\t\t\t\t<style>\r\ninput.wpforms-field-large {\r\n    height: 45px !important;\r\n}\r\n.wpforms-field-large {\r\n    border-bottom: 1px solid !important;\r\n}\r\n<\/style>\t\t\t\t<\/div>\n\t\t\t\t<\/div>\n\t\t\t\t\t<\/div>\n\t\t\t\t<\/div>\n\t\t<div class=\"elementor-element elementor-element-1639f1e e-flex e-con-boxed e-con e-parent\" data-id=\"1639f1e\" data-element_type=\"container\" data-settings=\"{&quot;background_background&quot;:&quot;classic&quot;}\">\n\t\t\t\t\t<div class=\"e-con-inner\">\n\t\t\t\t<div class=\"elementor-element elementor-element-036368f elementor-widget elementor-widget-heading\" data-id=\"036368f\" data-element_type=\"widget\" data-widget_type=\"heading.default\">\n\t\t\t\t<div class=\"elementor-widget-container\">\n\t\t\t\t\t<h2 class=\"elementor-heading-title elementor-size-default\">Diga-nos o que <b>podemos ajudar?<\/b><\/h2>\t\t\t\t<\/div>\n\t\t\t\t<\/div>\n\t\t\t\t<div class=\"elementor-element elementor-element-b610db9 elementor-widget elementor-widget-wpforms\" data-id=\"b610db9\" data-element_type=\"widget\" data-widget_type=\"wpforms.default\">\n\t\t\t\t<div class=\"elementor-widget-container\">\n\t\t\t\t\t<style id=\"wpforms-css-vars-elementor-widget-b610db9\">\n\t\t\t\t.elementor-widget-wpforms.elementor-element-b610db9 {\n\t\t\t\t--wpforms-field-border-style: none;\n--wpforms-button-border-style: solid;\n--wpforms-button-border-radius: 30px;\n--wpforms-button-background-color: #C7DDE2;\n--wpforms-button-border-color: #C7DDE2;\n--wpforms-page-break-color: #EFB962;\n--wpforms-button-text-color: #262728;\n--wpforms-field-border-size: 0px;\n--wpforms-field-size-input-height: 50px;\n--wpforms-field-size-input-spacing: 20px;\n--wpforms-field-size-font-size: 18px;\n--wpforms-field-size-line-height: 21px;\n--wpforms-field-size-padding-h: 14px;\n--wpforms-field-size-checkbox-size: 18px;\n--wpforms-field-size-sublabel-spacing: 10px;\n--wpforms-field-size-icon-size: 1.25;\n--wpforms-label-size-font-size: 18px;\n--wpforms-label-size-line-height: 21px;\n--wpforms-label-size-sublabel-font-size: 16px;\n--wpforms-label-size-sublabel-line-height: 19px;\n--wpforms-button-size-font-size: 20px;\n--wpforms-button-size-height: 48px;\n--wpforms-button-size-padding-h: 20px;\n--wpforms-button-size-margin-top: 15px;\n\t\t\t}\n\t\t\t<\/style><div class=\"wpforms-container wpforms-container-full wpforms-render-modern\" id=\"wpforms-1000012372\"><form id=\"wpforms-form-1000012372\" class=\"wpforms-validate wpforms-form wpforms-ajax-form\" data-formid=\"1000012372\" method=\"post\" enctype=\"multipart\/form-data\" action=\"\/pt\/wp-json\/wp\/v2\/pages\/1000011825\" data-token=\"a7e6cb363bb7c0bf992fa841603e09ac\" data-token-time=\"1776189583\" data-trp-original-action=\"\/pt\/wp-json\/wp\/v2\/pages\/1000011825\"><noscript class=\"wpforms-error-noscript\">O JavaScript n\u00e3o est\u00e1 dispon\u00edvel no seu navegador para inserir este formul\u00e1rio.<\/noscript><div id=\"wpforms-error-noscript\" style=\"display: none;\">O JavaScript n\u00e3o est\u00e1 dispon\u00edvel no seu navegador para inserir este formul\u00e1rio.<\/div><div class=\"wpforms-field-container\">\t\t<div id=\"wpforms-1000012372-field_4-container\"\n\t\t\tclass=\"wpforms-field wpforms-field-text\"\n\t\t\tdata-field-type=\"text\"\n\t\t\tdata-field-id=\"4\"\n\t\t\t>\n\t\t\t<label class=\"wpforms-field-label\" for=\"wpforms-1000012372-field_4\" >mensaje Nombre D\u00e9janos<\/label>\n\t\t\t<input type=\"text\" id=\"wpforms-1000012372-field_4\" class=\"wpforms-field-medium\" name=\"wpforms[fields][4]\" >\n\t\t<\/div>\n\t\t<div id=\"wpforms-1000012372-field_1-container\" class=\"wpforms-field wpforms-field-name wpforms-one-half wpforms-first wpforms-half-left\" data-field-id=\"1\"><label class=\"wpforms-field-label\" for=\"wpforms-1000012372-field_1\">Nome <span class=\"wpforms-required-label\" aria-hidden=\"true\">*<\/span><\/label><input type=\"text\" id=\"wpforms-1000012372-field_1\" class=\"wpforms-field-large wpforms-field-required\" name=\"wpforms[fields][1]\" aria-errormessage=\"wpforms-1000012372-field_1-error\" required><\/div><div id=\"wpforms-1000012372-field_2-container\" class=\"wpforms-field wpforms-field-email wpforms-one-half wpforms-half-right\" data-field-id=\"2\"><label class=\"wpforms-field-label\" for=\"wpforms-1000012372-field_2\">E-mail <span class=\"wpforms-required-label\" aria-hidden=\"true\">*<\/span><\/label><input type=\"email\" id=\"wpforms-1000012372-field_2\" class=\"wpforms-field-large wpforms-field-required\" name=\"wpforms[fields][2]\" spellcheck=\"false\" aria-errormessage=\"wpforms-1000012372-field_2-error\" required><\/div><div id=\"wpforms-1000012372-field_3-container\" class=\"wpforms-field wpforms-field-textarea\" data-field-id=\"3\"><label class=\"wpforms-field-label\" for=\"wpforms-1000012372-field_3\">Deixe-nos uma mensagem<\/label><textarea id=\"wpforms-1000012372-field_3\" class=\"wpforms-field-large\" name=\"wpforms[fields][3]\" aria-errormessage=\"wpforms-1000012372-field_3-error\" ><\/textarea><\/div><script>\n\t\t\t\t( function() {\n\t\t\t\t\tconst style = document.createElement( 'style' );\n\t\t\t\t\tstyle.appendChild( document.createTextNode( '#wpforms-1000012372-field_4-container { position: absolute !important; overflow: hidden !important; display: inline !important; height: 1px !important; width: 1px !important; z-index: -1000 !important; padding: 0 !important; } #wpforms-1000012372-field_4-container input { visibility: hidden; } #wpforms-conversational-form-page #wpforms-1000012372-field_4-container label { counter-increment: none; }' ) );\n\t\t\t\t\tdocument.head.appendChild( style );\n\t\t\t\t\tdocument.currentScript?.remove();\n\t\t\t\t} )();\n\t\t\t<\/script><\/div><!-- .wpforms-field-container --><div class=\"wpforms-submit-container\" ><input type=\"hidden\" name=\"wpforms[id]\" value=\"1000012372\"><input type=\"hidden\" name=\"page_title\" value=\"\"><input type=\"hidden\" name=\"page_url\" value=\"https:\/\/justcoolpeople.com\/pt\/wp-json\/wp\/v2\/pages\/1000011825\"><input type=\"hidden\" name=\"url_referer\" value=\"\"><button type=\"submit\" name=\"wpforms[submit]\" id=\"wpforms-submit-1000012372\" class=\"wpforms-submit\" data-alt-text=\"Enviando...\" data-submit-text=\"Enviar\" aria-live=\"assertive\" value=\"wpforms-submit\">Enviar<\/button><img decoding=\"async\" src=\"https:\/\/justcoolpeople.com\/wp-content\/plugins\/wpforms-lite\/assets\/images\/submit-spin.svg\" class=\"wpforms-submit-spinner\" style=\"display: none;\" width=\"26\" height=\"26\" alt=\"Carregando\"><\/div><input type=\"hidden\" name=\"trp-form-language\" value=\"pt\"\/><\/form><\/div>  <!-- .wpforms-container -->\t\t\t\t<\/div>\n\t\t\t\t<\/div>\n\t\t\t\t\t<\/div>\n\t\t\t\t<\/div>\n\t\t<div class=\"elementor-element elementor-element-fad06f2 e-flex e-con-boxed e-con e-parent\" data-id=\"fad06f2\" data-element_type=\"container\" data-settings=\"{&quot;background_background&quot;:&quot;classic&quot;}\">\n\t\t\t\t\t<div class=\"e-con-inner\">\n\t\t\t\t<div class=\"elementor-element elementor-element-a7e8ccf elementor-view-default elementor-widget elementor-widget-icon\" data-id=\"a7e8ccf\" data-element_type=\"widget\" data-widget_type=\"icon.default\">\n\t\t\t\t<div class=\"elementor-widget-container\">\n\t\t\t\t\t\t\t<div class=\"elementor-icon-wrapper\">\n\t\t\t<div class=\"elementor-icon\">\n\t\t\t<svg aria-hidden=\"true\" class=\"e-font-icon-svg e-fas-arrow-right\" viewbox=\"0 0 448 512\" xmlns=\"http:\/\/www.w3.org\/2000\/svg\"><path d=\"M190.5 66.9l22.2-22.2c9.4-9.4 24.6-9.4 33.9 0L441 239c9.4 9.4 9.4 24.6 0 33.9L246.6 467.3c-9.4 9.4-24.6 9.4-33.9 0l-22.2-22.2c-9.5-9.5-9.3-25 .4-34.3L311.4 296H24c-13.3 0-24-10.7-24-24v-32c0-13.3 10.7-24 24-24h287.4L190.9 101.2c-9.8-9.3-10-24.8-.4-34.3z\"><\/path><\/svg>\t\t\t<\/div>\n\t\t<\/div>\n\t\t\t\t\t\t<\/div>\n\t\t\t\t<\/div>\n\t\t\t\t<div class=\"elementor-element elementor-element-053c7a8 elementor-widget__width-initial elementor-widget-tablet_extra__width-initial elementor-widget elementor-widget-heading\" data-id=\"053c7a8\" data-element_type=\"widget\" data-widget_type=\"heading.default\">\n\t\t\t\t<div class=\"elementor-widget-container\">\n\t\t\t\t\t<p class=\"elementor-heading-title elementor-size-default\">Buscamos ser um suporte para esta comunidade!\n<\/p>\t\t\t\t<\/div>\n\t\t\t\t<\/div>\n\t\t\t\t\t<\/div>\n\t\t\t\t<\/div>\n\t\t<div class=\"elementor-element elementor-element-54f1009 e-flex e-con-boxed e-con e-parent\" data-id=\"54f1009\" data-element_type=\"container\" data-settings=\"{&quot;background_background&quot;:&quot;classic&quot;}\">\n\t\t\t\t\t<div class=\"e-con-inner\">\n\t\t<div class=\"elementor-element elementor-element-4785ed7 e-con-full e-flex e-con e-child\" data-id=\"4785ed7\" data-element_type=\"container\">\n\t\t\t\t<div class=\"elementor-element elementor-element-d2a0b98 elementor-widget elementor-widget-image\" data-id=\"d2a0b98\" data-element_type=\"widget\" data-widget_type=\"image.default\">\n\t\t\t\t<div class=\"elementor-widget-container\">\n\t\t\t\t\t\t\t\t\t\t\t\t\t\t\t<img fetchpriority=\"high\" decoding=\"async\" width=\"563\" height=\"123\" src=\"https:\/\/justcoolpeople.com\/wp-content\/uploads\/2025\/04\/wp-login-logo.svg\" class=\"attachment-large size-large wp-image-1000011569\" alt=\"\" \/>\t\t\t\t\t\t\t\t\t\t\t\t\t\t\t<\/div>\n\t\t\t\t<\/div>\n\t\t\t\t<\/div>\n\t\t<div class=\"elementor-element elementor-element-6e6d13f e-con-full e-flex e-con e-child\" data-id=\"6e6d13f\" data-element_type=\"container\">\n\t\t\t\t<div class=\"elementor-element elementor-element-bc18840 elementor-widget elementor-widget-button\" data-id=\"bc18840\" data-element_type=\"widget\" data-widget_type=\"button.default\">\n\t\t\t\t<div class=\"elementor-widget-container\">\n\t\t\t\t\t\t\t\t\t<div class=\"elementor-button-wrapper\">\n\t\t\t\t\t<a class=\"elementor-button elementor-button-link elementor-size-sm\" href=\"https:\/\/justcoolpeople.com\/pt\/unete\/\">\n\t\t\t\t\t\t<span class=\"elementor-button-content-wrapper\">\n\t\t\t\t\t\t\t\t\t<span class=\"elementor-button-text\">JUNTAR<\/span>\n\t\t\t\t\t<\/span>\n\t\t\t\t\t<\/a>\n\t\t\t\t<\/div>\n\t\t\t\t\t\t\t\t<\/div>\n\t\t\t\t<\/div>\n\t\t\t\t<div class=\"elementor-element elementor-element-6c85ab7 elementor-button-info elementor-widget elementor-widget-button\" data-id=\"6c85ab7\" data-element_type=\"widget\" data-widget_type=\"button.default\">\n\t\t\t\t<div class=\"elementor-widget-container\">\n\t\t\t\t\t\t\t\t\t<div class=\"elementor-button-wrapper\">\n\t\t\t\t\t<a class=\"elementor-button elementor-button-link elementor-size-sm\" href=\"#\">\n\t\t\t\t\t\t<span class=\"elementor-button-content-wrapper\">\n\t\t\t\t\t\t\t\t\t<span class=\"elementor-button-text\">CONTATE-NOS<\/span>\n\t\t\t\t\t<\/span>\n\t\t\t\t\t<\/a>\n\t\t\t\t<\/div>\n\t\t\t\t\t\t\t\t<\/div>\n\t\t\t\t<\/div>\n\t\t\t\t<\/div>\n\t\t\t\t\t<\/div>\n\t\t\t\t<\/div>\n\t\t\t\t<\/div>","protected":false},"excerpt":{"rendered":"<p>Beneficios \u00danete Eventos Futuros Cont\u00e1ctanos IR A MI PERFIL Ponte en contacto con esta comunidad para recibir soporte o atenci\u00f3n personalizada info@sidbt.org \u00bfCu\u00e9ntanos en qu\u00e9 podemos ayudar? Por favor, activa [&hellip;]<\/p>","protected":false},"author":1,"featured_media":0,"parent":0,"menu_order":0,"comment_status":"closed","ping_status":"closed","template":"elementor_canvas","meta":{"_bbp_topic_count":0,"_bbp_reply_count":0,"_bbp_total_topic_count":0,"_bbp_total_reply_count":0,"_bbp_voice_count":0,"_bbp_anonymous_reply_count":0,"_bbp_topic_count_hidden":0,"_bbp_reply_count_hidden":0,"_bbp_forum_subforum_count":0,"pmpro_default_level":"","_joinchat":{"view":"yes"},"footnotes":""},"class_list":["post-1000011825","page","type-page","status-publish","pmpro-has-access"],"_links":{"self":[{"href":"https:\/\/justcoolpeople.com\/pt\/wp-json\/wp\/v2\/pages\/1000011825","targetHints":{"allow":["GET"]}}],"collection":[{"href":"https:\/\/justcoolpeople.com\/pt\/wp-json\/wp\/v2\/pages"}],"about":[{"href":"https:\/\/justcoolpeople.com\/pt\/wp-json\/wp\/v2\/types\/page"}],"author":[{"embeddable":true,"href":"https:\/\/justcoolpeople.com\/pt\/wp-json\/wp\/v2\/users\/1"}],"replies":[{"embeddable":true,"href":"https:\/\/justcoolpeople.com\/pt\/wp-json\/wp\/v2\/comments?post=1000011825"}],"version-history":[{"count":343,"href":"https:\/\/justcoolpeople.com\/pt\/wp-json\/wp\/v2\/pages\/1000011825\/revisions"}],"predecessor-version":[{"id":1000014777,"href":"https:\/\/justcoolpeople.com\/pt\/wp-json\/wp\/v2\/pages\/1000011825\/revisions\/1000014777"}],"wp:attachment":[{"href":"https:\/\/justcoolpeople.com\/pt\/wp-json\/wp\/v2\/media?parent=1000011825"}],"curies":[{"name":"wp","href":"https:\/\/api.w.org\/{rel}","templated":true}]}}