{"id":1000014368,"date":"2025-06-16T18:30:24","date_gmt":"2025-06-16T23:30:24","guid":{"rendered":"https:\/\/justcoolpeople.com\/?page_id=1000014368"},"modified":"2025-07-05T20:58:12","modified_gmt":"2025-07-06T01:58:12","slug":"familia-registro","status":"publish","type":"page","link":"https:\/\/justcoolpeople.com\/pt\/familia-registro\/","title":{"rendered":"Familia Registro"},"content":{"rendered":"<div data-elementor-type=\"wp-page\" data-elementor-id=\"1000014368\" class=\"elementor elementor-1000014368\">\n\t\t\t\t<div class=\"elementor-element elementor-element-bd1cd99 e-flex e-con-boxed e-con e-parent\" data-id=\"bd1cd99\" data-element_type=\"container\">\n\t\t\t\t\t<div class=\"e-con-inner\">\n\t\t\t\t<div class=\"elementor-element elementor-element-08c9ec8 elementor-widget elementor-widget-html\" data-id=\"08c9ec8\" data-element_type=\"widget\" data-widget_type=\"html.default\">\n\t\t\t\t<div class=\"elementor-widget-container\">\n\t\t\t\t\t<!-- Cargar Font Awesome 5 manualmente -->\r\n<link rel=\"stylesheet\" href=\"https:\/\/cdnjs.cloudflare.com\/ajax\/libs\/font-awesome\/5.15.4\/css\/all.min.css\">\r\n<style>\r\n#wpforms-form-1000014370 label.wpforms-field-label {\r\n    margin-bottom: 8px !important;\r\n}\r\n#wpforms-form-1000014370 .wpforms-field-large.wpforms-field-required{\r\n    min-height: 40px !important;\r\n}\r\n\r\n<\/style>\t\t\t\t<\/div>\n\t\t\t\t<\/div>\n\t\t\t\t<div class=\"elementor-element elementor-element-278c5d9 elementor-widget elementor-widget-html\" data-id=\"278c5d9\" data-element_type=\"widget\" data-widget_type=\"html.default\">\n\t\t\t\t<div class=\"elementor-widget-container\">\n\t\t\t\t\t<style>\n#dbt-header.ech-header nav ul li:nth-child(2) a {\n    text-decoration: underline;\n}\n<\/style>\t\t\t\t<\/div>\n\t\t\t\t<\/div>\n\t\t\t\t\t<\/div>\n\t\t\t\t<\/div>\n\t\t<div class=\"elementor-element elementor-element-ac3f4e9 e-flex e-con-boxed e-con e-parent\" data-id=\"ac3f4e9\" data-element_type=\"container\">\n\t\t\t\t\t<div class=\"e-con-inner\">\n\t\t<div class=\"elementor-element elementor-element-3bfdc2a e-con-full e-flex e-con e-child\" data-id=\"3bfdc2a\" data-element_type=\"container\">\n\t\t\t\t<div class=\"elementor-element elementor-element-dcd9da4 elementor-widget__width-inherit elementor-widget elementor-widget-canvas_header_widget\" data-id=\"dcd9da4\" data-element_type=\"widget\" data-widget_type=\"canvas_header_widget.default\">\n\t\t\t\t<div class=\"elementor-widget-container\">\n\t\t\t\t\t        \n\n\n<script>\n    document.addEventListener('DOMContentLoaded', function () {\n        const buttons = document.querySelectorAll('.menu-toggle');\n        const overlay = document.createElement('div');\n        overlay.classList.add('menu-overlay');\n        document.body.appendChild(overlay);\n\n        buttons.forEach(btn => {\n            btn.addEventListener('click', function () {\n                const nav = btn.parentElement.querySelector('nav');\n                const header = btn.closest(\"#dbt-header\");\n                btn.classList.toggle('open');\n                nav.classList.toggle('open');\n                document.body.classList.toggle('menu-open');\n                overlay.classList.toggle('overlay-burguer', nav.classList.contains('open'));\n            });\n        });\n\n        overlay.addEventListener('click', function () {\n            document.querySelectorAll('.menu-toggle').forEach(btn => btn.classList.remove('open'));\n            document.querySelectorAll('#dbt-header nav').forEach(nav => nav.classList.remove('open'));\n            document.body.classList.remove('menu-open');\n            overlay.classList.remove('overlay-burguer');\n        });\n\n        document.querySelectorAll('#dbt-header nav a').forEach(link => {\n            link.addEventListener('click', function () {\n                document.querySelectorAll('.menu-toggle').forEach(btn => btn.classList.remove('open'));\n                document.querySelectorAll('#dbt-header nav').forEach(nav => nav.classList.remove('open'));\n                document.body.classList.remove('menu-open');\n                overlay.classList.remove('overlay-burguer');\n            });\n        });\n    });\n<\/script>\n\n\n\n        <header id=\"dbt-header\" class=\"ech-header\">\n            <div class=\"logo\">\n                <a href=\"https:\/\/justcoolpeople.com\/pt\/\"><img decoding=\"async\" src=\"https:\/\/justcoolpeople.com\/wp-content\/uploads\/2025\/04\/SIDBT.svg\" alt=\"Logo\"><\/a>\n            <\/div>\n            <button class=\"menu-toggle\"><\/button>\n            <nav>\n                <ul><li><a href=\"https:\/\/justcoolpeople.com\/pt\/beneficios\/\">Benef\u00edcios<\/a><\/li><li><a href=\"https:\/\/justcoolpeople.com\/pt\/unete\/\">Juntar<\/a><\/li><li><a href=\"https:\/\/justcoolpeople.com\/pt\/eventos-futuros\/\">Eventos Futuros<\/a><\/li><li><a href=\"https:\/\/justcoolpeople.com\/pt\/contactanos\/\">Contate-nos<\/a><\/li><li><a href=\"https:\/\/justcoolpeople.com\/pt\/login\/\">Acesso<\/a><\/li><\/ul>            <\/nav>\n        <\/header>\n        \t\t\t\t<\/div>\n\t\t\t\t<\/div>\n\t\t\t\t<\/div>\n\t\t\t\t\t<\/div>\n\t\t\t\t<\/div>\n\t\t<div class=\"elementor-element elementor-element-10481ce e-flex e-con-boxed e-con e-parent\" data-id=\"10481ce\" data-element_type=\"container\">\n\t\t\t\t\t<div class=\"e-con-inner\">\n\t\t<div class=\"elementor-element elementor-element-2c1453d e-con-full e-grid e-con e-child\" data-id=\"2c1453d\" data-element_type=\"container\">\n\t\t\t\t<div class=\"elementor-element elementor-element-2393f5a elementor-widget elementor-widget-heading\" data-id=\"2393f5a\" data-element_type=\"widget\" data-widget_type=\"heading.default\">\n\t\t\t\t<div class=\"elementor-widget-container\">\n\t\t\t\t\t<p class=\"elementor-heading-title elementor-size-default\"><b>Voc\u00ea \u00e9 parente de algum membro?<\/b> Preencha este formul\u00e1rio para se registrar e criar sua conta pessoal.\n<br><br>\nCom seu acesso, voc\u00ea poder\u00e1 explorar nossa biblioteca privada de links, com <b>conte\u00fado exclusivo e cuidadosamente selecionado<\/b>.\n<br><br>\nDepois de preencher o formul\u00e1rio, n\u00f3s o guiaremos pelo pagamento e ativa\u00e7\u00e3o do seu acesso.<\/p>\t\t\t\t<\/div>\n\t\t\t\t<\/div>\n\t\t\t\t<div class=\"elementor-element elementor-element-059070b elementor-widget elementor-widget-wpforms\" data-id=\"059070b\" data-element_type=\"widget\" data-widget_type=\"wpforms.default\">\n\t\t\t\t<div class=\"elementor-widget-container\">\n\t\t\t\t\t<style id=\"wpforms-css-vars-elementor-widget-059070b\">\n\t\t\t\t.elementor-widget-wpforms.elementor-element-059070b {\n\t\t\t\t--wpforms-field-border-radius: 8px;\n--wpforms-field-background-color: #EFEBDF;\n--wpforms-button-background-color: #EFB962;\n--wpforms-page-break-color: #EFB962;\n--wpforms-button-border-radius: 20px;\n--wpforms-field-size-input-height: 50px;\n--wpforms-field-size-input-spacing: 20px;\n--wpforms-field-size-font-size: 18px;\n--wpforms-field-size-line-height: 21px;\n--wpforms-field-size-padding-h: 14px;\n--wpforms-field-size-checkbox-size: 18px;\n--wpforms-field-size-sublabel-spacing: 10px;\n--wpforms-field-size-icon-size: 1.25;\n--wpforms-label-size-font-size: 18px;\n--wpforms-label-size-line-height: 21px;\n--wpforms-label-size-sublabel-font-size: 16px;\n--wpforms-label-size-sublabel-line-height: 19px;\n\t\t\t}\n\t\t\t<\/style><div class=\"wpforms-container wpforms-container-full wpforms-render-modern\" id=\"wpforms-1000014370\"><form id=\"wpforms-form-1000014370\" class=\"wpforms-validate wpforms-form wpforms-ajax-form\" data-formid=\"1000014370\" method=\"post\" enctype=\"multipart\/form-data\" action=\"\/pt\/wp-json\/wp\/v2\/pages\/1000014368\" data-token=\"d35e56c3fb26d98dab4be48e529b0dea\" data-token-time=\"1776199241\" data-trp-original-action=\"\/pt\/wp-json\/wp\/v2\/pages\/1000014368\"><noscript class=\"wpforms-error-noscript\">O JavaScript n\u00e3o est\u00e1 dispon\u00edvel no seu navegador para inserir este formul\u00e1rio.<\/noscript><div id=\"wpforms-error-noscript\" style=\"display: none;\">O JavaScript n\u00e3o est\u00e1 dispon\u00edvel no seu navegador para inserir este formul\u00e1rio.<\/div><div class=\"wpforms-field-container\"><div id=\"wpforms-1000014370-field_0-container\" class=\"wpforms-field wpforms-field-name dbt-floating-field\" data-field-id=\"0\"><label class=\"wpforms-field-label\" for=\"wpforms-1000014370-field_0\">Nome <span class=\"wpforms-required-label\" aria-hidden=\"true\">*<\/span><\/label><input type=\"text\" id=\"wpforms-1000014370-field_0\" class=\"wpforms-field-large wpforms-field-required\" name=\"wpforms[fields][0]\" aria-errormessage=\"wpforms-1000014370-field_0-error\" required><\/div>\t\t<div id=\"wpforms-1000014370-field_2-container\"\n\t\t\tclass=\"wpforms-field wpforms-field-text\"\n\t\t\tdata-field-type=\"text\"\n\t\t\tdata-field-id=\"2\"\n\t\t\t>\n\t\t\t<label class=\"wpforms-field-label\" for=\"wpforms-1000014370-field_2\" >Conditions Nivel Nombre<\/label>\n\t\t\t<input type=\"text\" id=\"wpforms-1000014370-field_2\" class=\"wpforms-field-medium\" name=\"wpforms[fields][2]\" >\n\t\t<\/div>\n\t\t<div id=\"wpforms-1000014370-field_7-container\" class=\"wpforms-field wpforms-field-name dbt-floating-field\" data-field-id=\"7\"><label class=\"wpforms-field-label\" for=\"wpforms-1000014370-field_7\">Sobrenome <span class=\"wpforms-required-label\" aria-hidden=\"true\">*<\/span><\/label><input type=\"text\" id=\"wpforms-1000014370-field_7\" class=\"wpforms-field-large wpforms-field-required\" name=\"wpforms[fields][7]\" aria-errormessage=\"wpforms-1000014370-field_7-error\" required><\/div><div id=\"wpforms-1000014370-field_1-container\" class=\"wpforms-field wpforms-field-email\" data-field-id=\"1\"><label class=\"wpforms-field-label\" for=\"wpforms-1000014370-field_1\">E-mail <span class=\"wpforms-required-label\" aria-hidden=\"true\">*<\/span><\/label><input type=\"email\" id=\"wpforms-1000014370-field_1\" class=\"wpforms-field-large wpforms-field-required\" name=\"wpforms[fields][1]\" spellcheck=\"false\" aria-errormessage=\"wpforms-1000014370-field_1-error\" required><\/div><div id=\"wpforms-1000014370-field_3-container\" class=\"wpforms-field wpforms-field-select wpforms-field-select-style-classic\" data-field-id=\"3\"><label class=\"wpforms-field-label\" for=\"wpforms-1000014370-field_3\">N\u00edvel de associa\u00e7\u00e3o <span class=\"wpforms-required-label\" aria-hidden=\"true\">*<\/span><\/label><select id=\"wpforms-1000014370-field_3\" class=\"wpforms-field-large wpforms-field-required\" name=\"wpforms[fields][3]\" required=\"required\"><option value=\"Familiar\"  selected='selected' class=\"choice-1 depth-1\"  >Familiar<\/option><\/select><\/div><div id=\"wpforms-1000014370-field_6-container\" class=\"wpforms-field wpforms-field-checkbox\" data-field-id=\"6\"><fieldset><legend class=\"wpforms-field-label\">Termos e Condi\u00e7\u00f5es <span class=\"wpforms-required-label\" aria-hidden=\"true\">*<\/span><\/legend><ul id=\"wpforms-1000014370-field_6\" class=\"wpforms-randomize wpforms-field-required\"><li class=\"choice-1 depth-1 wpforms-selected\"><input type=\"checkbox\" id=\"wpforms-1000014370-field_6_1\" name=\"wpforms[fields][6][]\" value=\"I agree to the terms and conditions of this membership upgrade.\" aria-errormessage=\"wpforms-1000014370-field_6_1-error\" required checked='checked'><label class=\"wpforms-field-label-inline\" for=\"wpforms-1000014370-field_6_1\">Concordo com os termos e condi\u00e7\u00f5es desta atualiza\u00e7\u00e3o de associa\u00e7\u00e3o.<\/label><\/li><\/ul><\/fieldset><\/div><script>\n\t\t\t\t( function() {\n\t\t\t\t\tconst style = document.createElement( 'style' );\n\t\t\t\t\tstyle.appendChild( document.createTextNode( '#wpforms-1000014370-field_2-container { position: absolute !important; overflow: hidden !important; display: inline !important; height: 1px !important; width: 1px !important; z-index: -1000 !important; padding: 0 !important; } #wpforms-1000014370-field_2-container input { visibility: hidden; } #wpforms-conversational-form-page #wpforms-1000014370-field_2-container label { counter-increment: none; }' ) );\n\t\t\t\t\tdocument.head.appendChild( style );\n\t\t\t\t\tdocument.currentScript?.remove();\n\t\t\t\t} )();\n\t\t\t<\/script><\/div><!-- .wpforms-field-container --><div class=\"wpforms-submit-container\" ><input type=\"hidden\" name=\"wpforms[id]\" value=\"1000014370\"><input type=\"hidden\" name=\"page_title\" value=\"\"><input type=\"hidden\" name=\"page_url\" value=\"https:\/\/justcoolpeople.com\/pt\/wp-json\/wp\/v2\/pages\/1000014368\"><input type=\"hidden\" name=\"url_referer\" value=\"\"><button type=\"submit\" name=\"wpforms[submit]\" id=\"wpforms-submit-1000014370\" class=\"wpforms-submit btn-family-dbt\" data-alt-text=\"Redirigiendo...\" data-submit-text=\"Registrame\" aria-live=\"assertive\" value=\"wpforms-submit\">Registre-me<\/button><img decoding=\"async\" src=\"https:\/\/justcoolpeople.com\/wp-content\/plugins\/wpforms-lite\/assets\/images\/submit-spin.svg\" class=\"wpforms-submit-spinner\" style=\"display: none;\" width=\"26\" height=\"26\" alt=\"Carregando\"><\/div><input type=\"hidden\" name=\"trp-form-language\" value=\"pt\"\/><\/form><\/div>  <!-- .wpforms-container -->\t\t\t\t<\/div>\n\t\t\t\t<\/div>\n\t\t\t\t<\/div>\n\t\t\t\t\t<\/div>\n\t\t\t\t<\/div>\n\t\t<div class=\"elementor-element elementor-element-582fb07 e-flex e-con-boxed e-con e-parent\" data-id=\"582fb07\" data-element_type=\"container\" data-settings=\"{&quot;background_background&quot;:&quot;classic&quot;}\">\n\t\t\t\t\t<div class=\"e-con-inner\">\n\t\t<div class=\"elementor-element elementor-element-61c5632 e-con-full e-flex e-con e-child\" data-id=\"61c5632\" data-element_type=\"container\">\n\t\t\t\t<div class=\"elementor-element elementor-element-70a36a9 elementor-widget elementor-widget-image\" data-id=\"70a36a9\" data-element_type=\"widget\" data-widget_type=\"image.default\">\n\t\t\t\t<div class=\"elementor-widget-container\">\n\t\t\t\t\t\t\t\t\t\t\t\t\t\t\t<img fetchpriority=\"high\" decoding=\"async\" width=\"563\" height=\"123\" src=\"https:\/\/justcoolpeople.com\/wp-content\/uploads\/2025\/04\/wp-login-logo.svg\" class=\"attachment-large size-large wp-image-1000011569\" alt=\"\" \/>\t\t\t\t\t\t\t\t\t\t\t\t\t\t\t<\/div>\n\t\t\t\t<\/div>\n\t\t\t\t<\/div>\n\t\t<div class=\"elementor-element elementor-element-0c296a3 e-con-full e-flex e-con e-child\" data-id=\"0c296a3\" data-element_type=\"container\">\n\t\t\t\t<div class=\"elementor-element elementor-element-6900a62 elementor-widget elementor-widget-button\" data-id=\"6900a62\" data-element_type=\"widget\" data-widget_type=\"button.default\">\n\t\t\t\t<div class=\"elementor-widget-container\">\n\t\t\t\t\t\t\t\t\t<div class=\"elementor-button-wrapper\">\n\t\t\t\t\t<a class=\"elementor-button elementor-button-link elementor-size-sm\" href=\"https:\/\/justcoolpeople.com\/pt\/unete\/\">\n\t\t\t\t\t\t<span class=\"elementor-button-content-wrapper\">\n\t\t\t\t\t\t\t\t\t<span class=\"elementor-button-text\">JUNTAR<\/span>\n\t\t\t\t\t<\/span>\n\t\t\t\t\t<\/a>\n\t\t\t\t<\/div>\n\t\t\t\t\t\t\t\t<\/div>\n\t\t\t\t<\/div>\n\t\t\t\t<div class=\"elementor-element elementor-element-59997e7 elementor-button-info elementor-widget elementor-widget-button\" data-id=\"59997e7\" data-element_type=\"widget\" data-widget_type=\"button.default\">\n\t\t\t\t<div class=\"elementor-widget-container\">\n\t\t\t\t\t\t\t\t\t<div class=\"elementor-button-wrapper\">\n\t\t\t\t\t<a class=\"elementor-button elementor-button-link elementor-size-sm\" href=\"https:\/\/justcoolpeople.com\/pt\/contactanos\/\">\n\t\t\t\t\t\t<span class=\"elementor-button-content-wrapper\">\n\t\t\t\t\t\t\t\t\t<span class=\"elementor-button-text\">CONTATE-NOS<\/span>\n\t\t\t\t\t<\/span>\n\t\t\t\t\t<\/a>\n\t\t\t\t<\/div>\n\t\t\t\t\t\t\t\t<\/div>\n\t\t\t\t<\/div>\n\t\t\t\t<\/div>\n\t\t\t\t\t<\/div>\n\t\t\t\t<\/div>\n\t\t\t\t<\/div>","protected":false},"excerpt":{"rendered":"<p>Beneficios \u00danete Eventos Futuros Cont\u00e1ctanos IR A MI PERFIL \u00bfEres familiar de un miembro? Completa este formulario para registrarte y obtener tu cuenta personal. Con tu acceso, podr\u00e1s explorar nuestra [&hellip;]<\/p>","protected":false},"author":1,"featured_media":0,"parent":0,"menu_order":0,"comment_status":"closed","ping_status":"closed","template":"elementor_canvas","meta":{"_bbp_topic_count":0,"_bbp_reply_count":0,"_bbp_total_topic_count":0,"_bbp_total_reply_count":0,"_bbp_voice_count":0,"_bbp_anonymous_reply_count":0,"_bbp_topic_count_hidden":0,"_bbp_reply_count_hidden":0,"_bbp_forum_subforum_count":0,"pmpro_default_level":"","_joinchat":[],"footnotes":""},"class_list":["post-1000014368","page","type-page","status-publish","pmpro-has-access"],"_links":{"self":[{"href":"https:\/\/justcoolpeople.com\/pt\/wp-json\/wp\/v2\/pages\/1000014368","targetHints":{"allow":["GET"]}}],"collection":[{"href":"https:\/\/justcoolpeople.com\/pt\/wp-json\/wp\/v2\/pages"}],"about":[{"href":"https:\/\/justcoolpeople.com\/pt\/wp-json\/wp\/v2\/types\/page"}],"author":[{"embeddable":true,"href":"https:\/\/justcoolpeople.com\/pt\/wp-json\/wp\/v2\/users\/1"}],"replies":[{"embeddable":true,"href":"https:\/\/justcoolpeople.com\/pt\/wp-json\/wp\/v2\/comments?post=1000014368"}],"version-history":[{"count":43,"href":"https:\/\/justcoolpeople.com\/pt\/wp-json\/wp\/v2\/pages\/1000014368\/revisions"}],"predecessor-version":[{"id":1000014876,"href":"https:\/\/justcoolpeople.com\/pt\/wp-json\/wp\/v2\/pages\/1000014368\/revisions\/1000014876"}],"wp:attachment":[{"href":"https:\/\/justcoolpeople.com\/pt\/wp-json\/wp\/v2\/media?parent=1000014368"}],"curies":[{"name":"wp","href":"https:\/\/api.w.org\/{rel}","templated":true}]}}